{"id":16,"date":"2017-11-28T15:17:19","date_gmt":"2017-11-28T14:17:19","guid":{"rendered":"http:\/\/demo08.cs-webdesign.dk\/?page_id=16"},"modified":"2020-03-16T09:13:18","modified_gmt":"2020-03-16T08:13:18","slug":"hjem","status":"publish","type":"page","link":"https:\/\/bakkevej59.cph-eu.dk\/?page_id=16","title":{"rendered":"OM OS"},"content":{"rendered":"<p class=\"h1\">VELKOMMEN TIL BAKKEVEJ.<\/p>\n<p class=\"h2\">Bakkevej er et bof\u00e6llesskab for 6 voksne med autisme.<\/p>\n<p class=\"tekst\">Autisme er en gennemgribende udviklingsforstyrrelse og giver sig blandt andet udslag i begr\u00e6nset social interaktion og en anderledes udvikling af sprog og kommuniktion<\/p>\n<p class=\"tekst\">Fonden Bof\u00e6llesskabet Bakkevej er et bof\u00e6llesskab efter lov om Social Service \u00a7 107. Bof\u00e6llesskabet blev oprettet i august 1999 og er organiseret som en fond med bestyrelse.<br \/>\n<!--more-->Bygningen Bakkevej 59 ejes af Sofiefonden.<\/p>\n<p class=\"tekst\">Bakkevej 59 huser 6 private 2-v\u00e6relses lejligheder med bad og toilet. Huset omfatter ogs\u00e5 f\u00e6lles opholdsstue, spisestue og k\u00f8kken.<\/p>\n<p class=\"tekst\">M\u00e5ls\u00e6tningen er, at tilbyde beboerne et hjem og de mest optimale rammer for trivsel og udvikling.<\/p>\n","protected":false},"excerpt":{"rendered":"<p>VELKOMMEN TIL BAKKEVEJ. Bakkevej er et bof\u00e6llesskab for 6 voksne med autisme. Autisme er en gennemgribende udviklingsforstyrrelse og giver sig blandt andet udslag i begr\u00e6nset social interaktion og en anderledes udvikling af sprog og kommuniktion Fonden Bof\u00e6llesskabet Bakkevej er et bof\u00e6llesskab efter lov om Social Service \u00a7 107. Bof\u00e6llesskabet blev oprettet i august 1999 og &hellip; <\/p>\n<p class=\"link-more\"><a href=\"https:\/\/bakkevej59.cph-eu.dk\/?page_id=16\" class=\"more-link\">L\u00e6s videre<span class=\"screen-reader-text\"> &#8220;OM OS&#8221;<\/span><\/a><\/p>\n","protected":false},"author":2,"featured_media":240,"parent":0,"menu_order":0,"comment_status":"closed","ping_status":"closed","template":"","meta":[],"_links":{"self":[{"href":"https:\/\/bakkevej59.cph-eu.dk\/index.php?rest_route=\/wp\/v2\/pages\/16"}],"collection":[{"href":"https:\/\/bakkevej59.cph-eu.dk\/index.php?rest_route=\/wp\/v2\/pages"}],"about":[{"href":"https:\/\/bakkevej59.cph-eu.dk\/index.php?rest_route=\/wp\/v2\/types\/page"}],"author":[{"embeddable":true,"href":"https:\/\/bakkevej59.cph-eu.dk\/index.php?rest_route=\/wp\/v2\/users\/2"}],"replies":[{"embeddable":true,"href":"https:\/\/bakkevej59.cph-eu.dk\/index.php?rest_route=%2Fwp%2Fv2%2Fcomments&post=16"}],"version-history":[{"count":10,"href":"https:\/\/bakkevej59.cph-eu.dk\/index.php?rest_route=\/wp\/v2\/pages\/16\/revisions"}],"predecessor-version":[{"id":267,"href":"https:\/\/bakkevej59.cph-eu.dk\/index.php?rest_route=\/wp\/v2\/pages\/16\/revisions\/267"}],"wp:featuredmedia":[{"embeddable":true,"href":"https:\/\/bakkevej59.cph-eu.dk\/index.php?rest_route=\/wp\/v2\/media\/240"}],"wp:attachment":[{"href":"https:\/\/bakkevej59.cph-eu.dk\/index.php?rest_route=%2Fwp%2Fv2%2Fmedia&parent=16"}],"curies":[{"name":"wp","href":"https:\/\/api.w.org\/{rel}","templated":true}]}}