{"id":17,"date":"2017-11-28T15:17:19","date_gmt":"2017-11-28T14:17:19","guid":{"rendered":"http:\/\/demo08.cs-webdesign.dk\/?page_id=17"},"modified":"2020-03-16T09:17:06","modified_gmt":"2020-03-16T08:17:06","slug":"gen_arlo_sys","status":"publish","type":"page","link":"https:\/\/bakkevej59.cph-eu.dk\/?page_id=17","title":{"rendered":"P\u00c6DAGOGIK"},"content":{"rendered":"<p class=\"h2\">Kvalitet gennem h\u00f8j faglighed<\/p>\n<p class=\"tekst\">P\u00e5 Bakkevej t\u00e6nker vi, at vi sikrer vores kvalitet gennem h\u00f8j faglighed. Fagligheden tager afs\u00e6t i flere forskellige p\u00e6dagogiske metoder og tilgange, fordi beboerne er forskellige. Beboeren skal m\u00f8des individuelt og derfor tilpasser vi vores tilgang til den enkelte.<\/p>\n<p>Derfor arbejder vi ud fra flere forskellige teorier og metoder som vi mener h\u00e6nger godt sammen med vores grundl\u00e6ggende tilgang. De vigtigste p\u00e6dagogiske metoder er:<br \/>\n<!--more-->TEACCH: Vi arbejder med struktureret visualiseret p\u00e6dagogik, inspireret af Division TEACCH (Treatments and Education of Autistic and Communication Handicap Children). Der arbejdes med kommuniktion og forst\u00e5else gennem visualisering i en struktureret ramme. TEACCH giver redskaber til at strukturere beboernes dagligdag og v\u00e6re med til at g\u00f8re hverdagen overskuelig.<br \/>\nSociale historier: Vi anvender formen fra sociale historier til at introducere og give anvisninger p\u00e5 handlinger.<br \/>\nNeurop\u00e6dagogik: Neurop\u00e6dagogik kan defineres som viden om hjernens funktioner omsat til praksis. P\u00e5 baggrund af viden om hjernens funktioner kan vi m\u00e5lrette og tilpasse den p\u00e6dagogiske praksis. Det handler grundl\u00e6ggende om, at se muligheder i hjernens arbejde fremfor begr\u00e6nsninger. Det handler om, at st\u00f8tte og fremme beboerens kompetancer, og dermed \u00f8ge trivsel og livskvalitet uanset alder.<br \/>\nKRAP: st\u00e5r for Kognitiv, Ressourcefokuseret og Anerkendende P\u00e6dagogik. Kognitivt vil blandt andet sige hvordan individet t\u00e6nker og fortolker det der opleves. Resourcefokuseret handler om, at alle mennesker indeholder ressourcer og dybest set g\u00f8r sit bedste i en given situation. Anerkende er, at mennesket blivet set som det er, bliver taget alvorligt og bliver m\u00f8dt som ligev\u00e6rdig.<\/p>\n<p class=\"tekst\">Medarbejderne p\u00e5 Bakkevej har alle en p\u00e6dagogisk grunduddannelse. Den daglige ledelse best\u00e5r af en leder samt en souschef.<\/p>\n<p class=\"tekst\">Bakkevejs ledelse og bestyrelse l\u00e6gger stor v\u00e6gt p\u00e5 at skabe bedst mulige vilk\u00e5r for de ansatte. Kurser og efteruddannelse bliver h\u00f8jt prioriteret.<\/p>\n","protected":false},"excerpt":{"rendered":"<p>Kvalitet gennem h\u00f8j faglighed P\u00e5 Bakkevej t\u00e6nker vi, at vi sikrer vores kvalitet gennem h\u00f8j faglighed. Fagligheden tager afs\u00e6t i flere forskellige p\u00e6dagogiske metoder og tilgange, fordi beboerne er forskellige. Beboeren skal m\u00f8des individuelt og derfor tilpasser vi vores tilgang til den enkelte. Derfor arbejder vi ud fra flere forskellige teorier og metoder som vi &hellip; <\/p>\n<p class=\"link-more\"><a href=\"https:\/\/bakkevej59.cph-eu.dk\/?page_id=17\" class=\"more-link\">L\u00e6s videre<span class=\"screen-reader-text\"> &#8220;P\u00c6DAGOGIK&#8221;<\/span><\/a><\/p>\n","protected":false},"author":2,"featured_media":242,"parent":0,"menu_order":0,"comment_status":"closed","ping_status":"closed","template":"","meta":[],"_links":{"self":[{"href":"https:\/\/bakkevej59.cph-eu.dk\/index.php?rest_route=\/wp\/v2\/pages\/17"}],"collection":[{"href":"https:\/\/bakkevej59.cph-eu.dk\/index.php?rest_route=\/wp\/v2\/pages"}],"about":[{"href":"https:\/\/bakkevej59.cph-eu.dk\/index.php?rest_route=\/wp\/v2\/types\/page"}],"author":[{"embeddable":true,"href":"https:\/\/bakkevej59.cph-eu.dk\/index.php?rest_route=\/wp\/v2\/users\/2"}],"replies":[{"embeddable":true,"href":"https:\/\/bakkevej59.cph-eu.dk\/index.php?rest_route=%2Fwp%2Fv2%2Fcomments&post=17"}],"version-history":[{"count":12,"href":"https:\/\/bakkevej59.cph-eu.dk\/index.php?rest_route=\/wp\/v2\/pages\/17\/revisions"}],"predecessor-version":[{"id":280,"href":"https:\/\/bakkevej59.cph-eu.dk\/index.php?rest_route=\/wp\/v2\/pages\/17\/revisions\/280"}],"wp:featuredmedia":[{"embeddable":true,"href":"https:\/\/bakkevej59.cph-eu.dk\/index.php?rest_route=\/wp\/v2\/media\/242"}],"wp:attachment":[{"href":"https:\/\/bakkevej59.cph-eu.dk\/index.php?rest_route=%2Fwp%2Fv2%2Fmedia&parent=17"}],"curies":[{"name":"wp","href":"https:\/\/api.w.org\/{rel}","templated":true}]}}