{"id":20,"date":"2017-11-28T15:17:19","date_gmt":"2017-11-28T14:17:19","guid":{"rendered":"http:\/\/demo08.cs-webdesign.dk\/?page_id=20"},"modified":"2020-03-16T09:16:01","modified_gmt":"2020-03-16T08:16:01","slug":"gen_arlo_kam","status":"publish","type":"page","link":"https:\/\/bakkevej59.cph-eu.dk\/?page_id=20","title":{"rendered":"KERNEOPGAVE"},"content":{"rendered":"<p class=\"h2\">Trivsel og udvikling<\/p>\n<p class=\"tekst\">Bof\u00e6llesskabet Bakkevej er beboernes hjem og danner rammen for trivsel og udvikling.<\/p>\n<p>I samarbejde og i dialog med beboeren, finder vi frem til, hvad der skal til for at beboeren oplever god trivsel. Vi samarbejder med beboeren for at opn\u00e5 og vedligeholde god trivsel.<br \/>\nbeboerens \u00f8nsker og dr\u00f8mme for fremtiden, ligesom vi tager udgangspunkt i den handleplan beboeren har.<br \/>\n<!--more-->Ved at fokusere p\u00e5 udvikling i et livslangt perspektiv med stabilitet, tryghed og genkendelighed kan den enkelte beboer udvikle sig. Dette sker ikke mindst ved at beboeren har indflydelse p\u00e5 egen dagligdag og f\u00f8ler sig h\u00f8rt. P\u00e5 den m\u00e5de g\u00e5r trivsel og udvikling h\u00e5nd i h\u00e5nd.<\/p>\n","protected":false},"excerpt":{"rendered":"<p>Trivsel og udvikling Bof\u00e6llesskabet Bakkevej er beboernes hjem og danner rammen for trivsel og udvikling. I samarbejde og i dialog med beboeren, finder vi frem til, hvad der skal til for at beboeren oplever god trivsel. Vi samarbejder med beboeren for at opn\u00e5 og vedligeholde god trivsel. beboerens \u00f8nsker og dr\u00f8mme for fremtiden, ligesom vi &hellip; <\/p>\n<p class=\"link-more\"><a href=\"https:\/\/bakkevej59.cph-eu.dk\/?page_id=20\" class=\"more-link\">L\u00e6s videre<span class=\"screen-reader-text\"> &#8220;KERNEOPGAVE&#8221;<\/span><\/a><\/p>\n","protected":false},"author":2,"featured_media":241,"parent":0,"menu_order":0,"comment_status":"closed","ping_status":"closed","template":"","meta":[],"_links":{"self":[{"href":"https:\/\/bakkevej59.cph-eu.dk\/index.php?rest_route=\/wp\/v2\/pages\/20"}],"collection":[{"href":"https:\/\/bakkevej59.cph-eu.dk\/index.php?rest_route=\/wp\/v2\/pages"}],"about":[{"href":"https:\/\/bakkevej59.cph-eu.dk\/index.php?rest_route=\/wp\/v2\/types\/page"}],"author":[{"embeddable":true,"href":"https:\/\/bakkevej59.cph-eu.dk\/index.php?rest_route=\/wp\/v2\/users\/2"}],"replies":[{"embeddable":true,"href":"https:\/\/bakkevej59.cph-eu.dk\/index.php?rest_route=%2Fwp%2Fv2%2Fcomments&post=20"}],"version-history":[{"count":7,"href":"https:\/\/bakkevej59.cph-eu.dk\/index.php?rest_route=\/wp\/v2\/pages\/20\/revisions"}],"predecessor-version":[{"id":268,"href":"https:\/\/bakkevej59.cph-eu.dk\/index.php?rest_route=\/wp\/v2\/pages\/20\/revisions\/268"}],"wp:featuredmedia":[{"embeddable":true,"href":"https:\/\/bakkevej59.cph-eu.dk\/index.php?rest_route=\/wp\/v2\/media\/241"}],"wp:attachment":[{"href":"https:\/\/bakkevej59.cph-eu.dk\/index.php?rest_route=%2Fwp%2Fv2%2Fmedia&parent=20"}],"curies":[{"name":"wp","href":"https:\/\/api.w.org\/{rel}","templated":true}]}}